{"id":11,"date":"2024-11-18T11:45:52","date_gmt":"2024-11-18T11:45:52","guid":{"rendered":"https:\/\/links.express-umzug.eu\/?page_id=11"},"modified":"2024-11-29T12:40:49","modified_gmt":"2024-11-29T12:40:49","slug":"express-umzug-s-r-o-links","status":"publish","type":"page","link":"https:\/\/links.express-umzug.eu\/","title":{"rendered":"Express Umzug s.r.o. \u2013 Links"},"content":{"rendered":"\t\t<div data-elementor-type=\"wp-page\" data-elementor-id=\"11\" class=\"elementor elementor-11\" data-elementor-post-type=\"page\">\n\t\t\t\t<div class=\"elementor-element elementor-element-0fe28ac e-flex e-con-boxed e-con e-parent\" data-id=\"0fe28ac\" data-element_type=\"container\" data-settings=\"{&quot;background_background&quot;:&quot;classic&quot;}\">\n\t\t\t\t\t<div class=\"e-con-inner\">\n\t\t<div class=\"elementor-element elementor-element-6f4ad9c e-con-full e-flex e-con e-child\" data-id=\"6f4ad9c\" data-element_type=\"container\" data-settings=\"{&quot;background_background&quot;:&quot;classic&quot;}\">\n\t\t\t\t<div class=\"elementor-element elementor-element-e6267d5 elementor-widget elementor-widget-image\" data-id=\"e6267d5\" data-element_type=\"widget\" data-widget_type=\"image.default\">\n\t\t\t\t<div class=\"elementor-widget-container\">\n\t\t\t\t\t\t\t\t\t\t\t\t\t\t\t<img fetchpriority=\"high\" decoding=\"async\" width=\"761\" height=\"251\" src=\"https:\/\/links.express-umzug.eu\/wp-content\/uploads\/2024\/11\/Express-Umzug-Weiden-Logo-1.png\" class=\"attachment-large size-large wp-image-32\" alt=\"\" srcset=\"https:\/\/links.express-umzug.eu\/wp-content\/uploads\/2024\/11\/Express-Umzug-Weiden-Logo-1.png 761w, https:\/\/links.express-umzug.eu\/wp-content\/uploads\/2024\/11\/Express-Umzug-Weiden-Logo-1-300x99.png 300w\" sizes=\"(max-width: 761px) 100vw, 761px\" \/>\t\t\t\t\t\t\t\t\t\t\t\t\t\t\t<\/div>\n\t\t\t\t<\/div>\n\t\t\t\t<\/div>\n\t\t<div class=\"elementor-element elementor-element-fb86fe7 e-con-full e-flex e-con e-child\" data-id=\"fb86fe7\" data-element_type=\"container\" data-settings=\"{&quot;background_background&quot;:&quot;classic&quot;}\">\n\t\t\t\t<div class=\"elementor-element elementor-element-c7855a6 elementor-widget elementor-widget-heading\" data-id=\"c7855a6\" data-element_type=\"widget\" data-widget_type=\"heading.default\">\n\t\t\t\t<div class=\"elementor-widget-container\">\n\t\t\t\t\t<h2 class=\"elementor-heading-title elementor-size-default\">Express Umzug s.r.o.<\/h2>\t\t\t\t<\/div>\n\t\t\t\t<\/div>\n\t\t\t\t<div class=\"elementor-element elementor-element-bb75a31 elementor-widget elementor-widget-heading\" data-id=\"bb75a31\" data-element_type=\"widget\" data-widget_type=\"heading.default\">\n\t\t\t\t<div class=\"elementor-widget-container\">\n\t\t\t\t\t<h2 class=\"elementor-heading-title elementor-size-default\">Europaweite Umz\u00fcge aller Art<\/h2>\t\t\t\t<\/div>\n\t\t\t\t<\/div>\n\t\t\t\t<div class=\"elementor-element elementor-element-bd559c7 elementor-align-justify elementor-widget elementor-widget-button\" data-id=\"bd559c7\" data-element_type=\"widget\" data-widget_type=\"button.default\">\n\t\t\t\t<div class=\"elementor-widget-container\">\n\t\t\t\t\t\t\t\t\t<div class=\"elementor-button-wrapper\">\n\t\t\t\t\t<a class=\"elementor-button elementor-button-link elementor-size-sm elementor-animation-shrink\" href=\"https:\/\/www.express-umzug.eu\/de\/umzugsanfrage\/\" target=\"_blank\">\n\t\t\t\t\t\t<span class=\"elementor-button-content-wrapper\">\n\t\t\t\t\t\t\t\t\t<span class=\"elementor-button-text\">UMZUGSANFRAGE<\/span>\n\t\t\t\t\t<\/span>\n\t\t\t\t\t<\/a>\n\t\t\t\t<\/div>\n\t\t\t\t\t\t\t\t<\/div>\n\t\t\t\t<\/div>\n\t\t\t\t<div class=\"elementor-element elementor-element-1c1ed15 elementor-align-justify elementor-widget elementor-widget-button\" data-id=\"1c1ed15\" data-element_type=\"widget\" data-widget_type=\"button.default\">\n\t\t\t\t<div class=\"elementor-widget-container\">\n\t\t\t\t\t\t\t\t\t<div class=\"elementor-button-wrapper\">\n\t\t\t\t\t<a class=\"elementor-button elementor-button-link elementor-size-sm elementor-animation-shrink\" href=\"http:\/\/jobs.express-umzug.eu\" target=\"_blank\">\n\t\t\t\t\t\t<span class=\"elementor-button-content-wrapper\">\n\t\t\t\t\t\t\t\t\t<span class=\"elementor-button-text\">Zu unseren offenen Jobs<\/span>\n\t\t\t\t\t<\/span>\n\t\t\t\t\t<\/a>\n\t\t\t\t<\/div>\n\t\t\t\t\t\t\t\t<\/div>\n\t\t\t\t<\/div>\n\t\t\t\t<div class=\"elementor-element elementor-element-73a2ade elementor-align-justify elementor-widget elementor-widget-button\" data-id=\"73a2ade\" data-element_type=\"widget\" data-widget_type=\"button.default\">\n\t\t\t\t<div class=\"elementor-widget-container\">\n\t\t\t\t\t\t\t\t\t<div class=\"elementor-button-wrapper\">\n\t\t\t\t\t<a class=\"elementor-button elementor-button-link elementor-size-sm elementor-animation-shrink\" href=\"http:\/\/express-umzug.eu\" target=\"_blank\">\n\t\t\t\t\t\t<span class=\"elementor-button-content-wrapper\">\n\t\t\t\t\t\t\t\t\t<span class=\"elementor-button-text\">Mehr \u00fcber Express Umzug<\/span>\n\t\t\t\t\t<\/span>\n\t\t\t\t\t<\/a>\n\t\t\t\t<\/div>\n\t\t\t\t\t\t\t\t<\/div>\n\t\t\t\t<\/div>\n\t\t\t\t<div class=\"elementor-element elementor-element-c146958 elementor-align-justify elementor-widget elementor-widget-button\" data-id=\"c146958\" data-element_type=\"widget\" data-widget_type=\"button.default\">\n\t\t\t\t<div class=\"elementor-widget-container\">\n\t\t\t\t\t\t\t\t\t<div class=\"elementor-button-wrapper\">\n\t\t\t\t\t<a class=\"elementor-button elementor-button-link elementor-size-sm elementor-animation-shrink\" href=\"http:\/\/express-umzug.eu\" target=\"_blank\">\n\t\t\t\t\t\t<span class=\"elementor-button-content-wrapper\">\n\t\t\t\t\t\t\t\t\t<span class=\"elementor-button-text\">Partner werden<\/span>\n\t\t\t\t\t<\/span>\n\t\t\t\t\t<\/a>\n\t\t\t\t<\/div>\n\t\t\t\t\t\t\t\t<\/div>\n\t\t\t\t<\/div>\n\t\t\t\t<div class=\"elementor-element elementor-element-de8f094 elementor-shape-circle elementor-grid-4 e-grid-align-center elementor-widget elementor-widget-social-icons\" data-id=\"de8f094\" data-element_type=\"widget\" data-widget_type=\"social-icons.default\">\n\t\t\t\t<div class=\"elementor-widget-container\">\n\t\t\t\t\t\t\t<div class=\"elementor-social-icons-wrapper elementor-grid\">\n\t\t\t\t\t\t\t<span class=\"elementor-grid-item\">\n\t\t\t\t\t<a class=\"elementor-icon elementor-social-icon elementor-social-icon-phone-alt elementor-repeater-item-2cb5f9e\" href=\"tel:+4996120648179\" target=\"_blank\">\n\t\t\t\t\t\t<span class=\"elementor-screen-only\">Phone-alt<\/span>\n\t\t\t\t\t\t<svg class=\"e-font-icon-svg e-fas-phone-alt\" viewBox=\"0 0 512 512\" xmlns=\"http:\/\/www.w3.org\/2000\/svg\"><path d=\"M497.39 361.8l-112-48a24 24 0 0 0-28 6.9l-49.6 60.6A370.66 370.66 0 0 1 130.6 204.11l60.6-49.6a23.94 23.94 0 0 0 6.9-28l-48-112A24.16 24.16 0 0 0 122.6.61l-104 24A24 24 0 0 0 0 48c0 256.5 207.9 464 464 464a24 24 0 0 0 23.4-18.6l24-104a24.29 24.29 0 0 0-14.01-27.6z\"><\/path><\/svg>\t\t\t\t\t<\/a>\n\t\t\t\t<\/span>\n\t\t\t\t\t\t\t<span class=\"elementor-grid-item\">\n\t\t\t\t\t<a class=\"elementor-icon elementor-social-icon elementor-social-icon-envelope elementor-repeater-item-115b854\" href=\"mailto:info@express-umzug.eu\" target=\"_blank\">\n\t\t\t\t\t\t<span class=\"elementor-screen-only\">Envelope<\/span>\n\t\t\t\t\t\t<svg class=\"e-font-icon-svg e-fas-envelope\" viewBox=\"0 0 512 512\" xmlns=\"http:\/\/www.w3.org\/2000\/svg\"><path d=\"M502.3 190.8c3.9-3.1 9.7-.2 9.7 4.7V400c0 26.5-21.5 48-48 48H48c-26.5 0-48-21.5-48-48V195.6c0-5 5.7-7.8 9.7-4.7 22.4 17.4 52.1 39.5 154.1 113.6 21.1 15.4 56.7 47.8 92.2 47.6 35.7.3 72-32.8 92.3-47.6 102-74.1 131.6-96.3 154-113.7zM256 320c23.2.4 56.6-29.2 73.4-41.4 132.7-96.3 142.8-104.7 173.4-128.7 5.8-4.5 9.2-11.5 9.2-18.9v-19c0-26.5-21.5-48-48-48H48C21.5 64 0 85.5 0 112v19c0 7.4 3.4 14.3 9.2 18.9 30.6 23.9 40.7 32.4 173.4 128.7 16.8 12.2 50.2 41.8 73.4 41.4z\"><\/path><\/svg>\t\t\t\t\t<\/a>\n\t\t\t\t<\/span>\n\t\t\t\t\t\t\t<span class=\"elementor-grid-item\">\n\t\t\t\t\t<a class=\"elementor-icon elementor-social-icon elementor-social-icon-instagram elementor-repeater-item-d3d4854\" href=\"https:\/\/www.instagram.com\/expressumzugsro\/\" target=\"_blank\">\n\t\t\t\t\t\t<span class=\"elementor-screen-only\">Instagram<\/span>\n\t\t\t\t\t\t<svg class=\"e-font-icon-svg e-fab-instagram\" viewBox=\"0 0 448 512\" xmlns=\"http:\/\/www.w3.org\/2000\/svg\"><path d=\"M224.1 141c-63.6 0-114.9 51.3-114.9 114.9s51.3 114.9 114.9 114.9S339 319.5 339 255.9 287.7 141 224.1 141zm0 189.6c-41.1 0-74.7-33.5-74.7-74.7s33.5-74.7 74.7-74.7 74.7 33.5 74.7 74.7-33.6 74.7-74.7 74.7zm146.4-194.3c0 14.9-12 26.8-26.8 26.8-14.9 0-26.8-12-26.8-26.8s12-26.8 26.8-26.8 26.8 12 26.8 26.8zm76.1 27.2c-1.7-35.9-9.9-67.7-36.2-93.9-26.2-26.2-58-34.4-93.9-36.2-37-2.1-147.9-2.1-184.9 0-35.8 1.7-67.6 9.9-93.9 36.1s-34.4 58-36.2 93.9c-2.1 37-2.1 147.9 0 184.9 1.7 35.9 9.9 67.7 36.2 93.9s58 34.4 93.9 36.2c37 2.1 147.9 2.1 184.9 0 35.9-1.7 67.7-9.9 93.9-36.2 26.2-26.2 34.4-58 36.2-93.9 2.1-37 2.1-147.8 0-184.8zM398.8 388c-7.8 19.6-22.9 34.7-42.6 42.6-29.5 11.7-99.5 9-132.1 9s-102.7 2.6-132.1-9c-19.6-7.8-34.7-22.9-42.6-42.6-11.7-29.5-9-99.5-9-132.1s-2.6-102.7 9-132.1c7.8-19.6 22.9-34.7 42.6-42.6 29.5-11.7 99.5-9 132.1-9s102.7-2.6 132.1 9c19.6 7.8 34.7 22.9 42.6 42.6 11.7 29.5 9 99.5 9 132.1s2.7 102.7-9 132.1z\"><\/path><\/svg>\t\t\t\t\t<\/a>\n\t\t\t\t<\/span>\n\t\t\t\t\t\t\t<span class=\"elementor-grid-item\">\n\t\t\t\t\t<a class=\"elementor-icon elementor-social-icon elementor-social-icon-facebook elementor-repeater-item-509866c\" href=\"https:\/\/www.facebook.com\/expressumzugsro\" target=\"_blank\">\n\t\t\t\t\t\t<span class=\"elementor-screen-only\">Facebook<\/span>\n\t\t\t\t\t\t<svg class=\"e-font-icon-svg e-fab-facebook\" viewBox=\"0 0 512 512\" xmlns=\"http:\/\/www.w3.org\/2000\/svg\"><path d=\"M504 256C504 119 393 8 256 8S8 119 8 256c0 123.78 90.69 226.38 209.25 245V327.69h-63V256h63v-54.64c0-62.15 37-96.48 93.67-96.48 27.14 0 55.52 4.84 55.52 4.84v61h-31.28c-30.8 0-40.41 19.12-40.41 38.73V256h68.78l-11 71.69h-57.78V501C413.31 482.38 504 379.78 504 256z\"><\/path><\/svg>\t\t\t\t\t<\/a>\n\t\t\t\t<\/span>\n\t\t\t\t\t<\/div>\n\t\t\t\t\t\t<\/div>\n\t\t\t\t<\/div>\n\t\t<div class=\"elementor-element elementor-element-7534b6b e-con-full e-flex e-con e-child\" data-id=\"7534b6b\" data-element_type=\"container\">\n\t\t\t\t<div class=\"elementor-element elementor-element-4f1d924 elementor-widget elementor-widget-heading\" data-id=\"4f1d924\" data-element_type=\"widget\" data-widget_type=\"heading.default\">\n\t\t\t\t<div class=\"elementor-widget-container\">\n\t\t\t\t\t<div class=\"elementor-heading-title elementor-size-default\"><a href=\"https:\/\/www.express-umzug.eu\/de\/impressum\/\" target=\"_blank\">Impressum<\/a><\/div>\t\t\t\t<\/div>\n\t\t\t\t<\/div>\n\t\t\t\t<div class=\"elementor-element elementor-element-93bc6ba elementor-widget elementor-widget-heading\" data-id=\"93bc6ba\" data-element_type=\"widget\" data-widget_type=\"heading.default\">\n\t\t\t\t<div class=\"elementor-widget-container\">\n\t\t\t\t\t<h2 class=\"elementor-heading-title elementor-size-default\"><a href=\"https:\/\/www.express-umzug.eu\/de\/datenschutz\/\" target=\"_blank\">Datenschutz<\/a><\/h2>\t\t\t\t<\/div>\n\t\t\t\t<\/div>\n\t\t\t\t<\/div>\n\t\t\t\t<\/div>\n\t\t\t\t\t<\/div>\n\t\t\t\t<\/div>\n\t\t\t\t<\/div>\n\t\t","protected":false},"excerpt":{"rendered":"<p>Express Umzug s.r.o. Europaweite Umz\u00fcge aller Art UMZUGSANFRAGE Zu unseren offenen Jobs Mehr \u00fcber Express Umzug Partner werden Phone-alt Envelope Instagram Facebook Impressum Datenschutz<\/p>\n","protected":false},"author":1,"featured_media":0,"parent":0,"menu_order":0,"comment_status":"closed","ping_status":"closed","template":"elementor_canvas","meta":{"footnotes":""},"class_list":["post-11","page","type-page","status-publish","hentry"],"yoast_head":"<!-- This site is optimized with the Yoast SEO plugin v24.7 - https:\/\/yoast.com\/wordpress\/plugins\/seo\/ -->\n<title>Links: Express Umzug | Europaweite Umz\u00fcge<\/title>\n<meta name=\"description\" content=\"Hier gibt es eine \u00dcbersicht unserer Links: Umzugsanfrage | Karriere-Webseite | Mehr \u00fcber uns | Partner werden\" \/>\n<meta name=\"robots\" content=\"index, follow, max-snippet:-1, max-image-preview:large, max-video-preview:-1\" \/>\n<link rel=\"canonical\" href=\"https:\/\/links.express-umzug.eu\/\" \/>\n<meta property=\"og:locale\" content=\"de_DE\" \/>\n<meta property=\"og:type\" content=\"article\" \/>\n<meta property=\"og:title\" content=\"Links: Express Umzug | Europaweite Umz\u00fcge\" \/>\n<meta property=\"og:description\" content=\"Hier gibt es eine \u00dcbersicht unserer Links: Umzugsanfrage | Karriere-Webseite | Mehr \u00fcber uns | Partner werden\" \/>\n<meta property=\"og:url\" content=\"https:\/\/links.express-umzug.eu\/\" \/>\n<meta property=\"og:site_name\" content=\"Express Umzug s.r.o. \u2013 Links\" \/>\n<meta property=\"article:modified_time\" content=\"2024-11-29T12:40:49+00:00\" \/>\n<meta property=\"og:image\" content=\"https:\/\/links.express-umzug.eu\/wp-content\/uploads\/2024\/11\/Express-Umzug-Weiden-Logo-1.png\" \/>\n\t<meta property=\"og:image:width\" content=\"761\" \/>\n\t<meta property=\"og:image:height\" content=\"251\" \/>\n\t<meta property=\"og:image:type\" content=\"image\/png\" \/>\n<meta name=\"twitter:card\" content=\"summary_large_image\" \/>\n<meta name=\"twitter:label1\" content=\"Gesch\u00e4tzte Lesezeit\" \/>\n\t<meta name=\"twitter:data1\" content=\"1\u00a0Minute\" \/>\n<script type=\"application\/ld+json\" class=\"yoast-schema-graph\">{\"@context\":\"https:\/\/schema.org\",\"@graph\":[{\"@type\":\"WebPage\",\"@id\":\"https:\/\/links.express-umzug.eu\/\",\"url\":\"https:\/\/links.express-umzug.eu\/\",\"name\":\"Links: Express Umzug | Europaweite Umz\u00fcge\",\"isPartOf\":{\"@id\":\"https:\/\/links.express-umzug.eu\/#website\"},\"primaryImageOfPage\":{\"@id\":\"https:\/\/links.express-umzug.eu\/#primaryimage\"},\"image\":{\"@id\":\"https:\/\/links.express-umzug.eu\/#primaryimage\"},\"thumbnailUrl\":\"https:\/\/links.express-umzug.eu\/wp-content\/uploads\/2024\/11\/Express-Umzug-Weiden-Logo-1.png\",\"datePublished\":\"2024-11-18T11:45:52+00:00\",\"dateModified\":\"2024-11-29T12:40:49+00:00\",\"description\":\"Hier gibt es eine \u00dcbersicht unserer Links: Umzugsanfrage | Karriere-Webseite | Mehr \u00fcber uns | Partner werden\",\"breadcrumb\":{\"@id\":\"https:\/\/links.express-umzug.eu\/#breadcrumb\"},\"inLanguage\":\"de\",\"potentialAction\":[{\"@type\":\"ReadAction\",\"target\":[\"https:\/\/links.express-umzug.eu\/\"]}]},{\"@type\":\"ImageObject\",\"inLanguage\":\"de\",\"@id\":\"https:\/\/links.express-umzug.eu\/#primaryimage\",\"url\":\"https:\/\/links.express-umzug.eu\/wp-content\/uploads\/2024\/11\/Express-Umzug-Weiden-Logo-1.png\",\"contentUrl\":\"https:\/\/links.express-umzug.eu\/wp-content\/uploads\/2024\/11\/Express-Umzug-Weiden-Logo-1.png\",\"width\":761,\"height\":251},{\"@type\":\"BreadcrumbList\",\"@id\":\"https:\/\/links.express-umzug.eu\/#breadcrumb\",\"itemListElement\":[{\"@type\":\"ListItem\",\"position\":1,\"name\":\"Startseite\",\"item\":\"https:\/\/links.express-umzug.eu\/\"},{\"@type\":\"ListItem\",\"position\":2,\"name\":\"Express Umzug s.r.o. \u2013 Links\"}]},{\"@type\":\"WebSite\",\"@id\":\"https:\/\/links.express-umzug.eu\/#website\",\"url\":\"https:\/\/links.express-umzug.eu\/\",\"name\":\"Express Umzug s.r.o. \u2013 Links\",\"description\":\"\",\"potentialAction\":[{\"@type\":\"SearchAction\",\"target\":{\"@type\":\"EntryPoint\",\"urlTemplate\":\"https:\/\/links.express-umzug.eu\/?s={search_term_string}\"},\"query-input\":{\"@type\":\"PropertyValueSpecification\",\"valueRequired\":true,\"valueName\":\"search_term_string\"}}],\"inLanguage\":\"de\"}]}<\/script>\n<!-- \/ Yoast SEO plugin. -->","yoast_head_json":{"title":"Links: Express Umzug | Europaweite Umz\u00fcge","description":"Hier gibt es eine \u00dcbersicht unserer Links: Umzugsanfrage | Karriere-Webseite | Mehr \u00fcber uns | Partner werden","robots":{"index":"index","follow":"follow","max-snippet":"max-snippet:-1","max-image-preview":"max-image-preview:large","max-video-preview":"max-video-preview:-1"},"canonical":"https:\/\/links.express-umzug.eu\/","og_locale":"de_DE","og_type":"article","og_title":"Links: Express Umzug | Europaweite Umz\u00fcge","og_description":"Hier gibt es eine \u00dcbersicht unserer Links: Umzugsanfrage | Karriere-Webseite | Mehr \u00fcber uns | Partner werden","og_url":"https:\/\/links.express-umzug.eu\/","og_site_name":"Express Umzug s.r.o. \u2013 Links","article_modified_time":"2024-11-29T12:40:49+00:00","og_image":[{"width":761,"height":251,"url":"https:\/\/links.express-umzug.eu\/wp-content\/uploads\/2024\/11\/Express-Umzug-Weiden-Logo-1.png","type":"image\/png"}],"twitter_card":"summary_large_image","twitter_misc":{"Gesch\u00e4tzte Lesezeit":"1\u00a0Minute"},"schema":{"@context":"https:\/\/schema.org","@graph":[{"@type":"WebPage","@id":"https:\/\/links.express-umzug.eu\/","url":"https:\/\/links.express-umzug.eu\/","name":"Links: Express Umzug | Europaweite Umz\u00fcge","isPartOf":{"@id":"https:\/\/links.express-umzug.eu\/#website"},"primaryImageOfPage":{"@id":"https:\/\/links.express-umzug.eu\/#primaryimage"},"image":{"@id":"https:\/\/links.express-umzug.eu\/#primaryimage"},"thumbnailUrl":"https:\/\/links.express-umzug.eu\/wp-content\/uploads\/2024\/11\/Express-Umzug-Weiden-Logo-1.png","datePublished":"2024-11-18T11:45:52+00:00","dateModified":"2024-11-29T12:40:49+00:00","description":"Hier gibt es eine \u00dcbersicht unserer Links: Umzugsanfrage | Karriere-Webseite | Mehr \u00fcber uns | Partner werden","breadcrumb":{"@id":"https:\/\/links.express-umzug.eu\/#breadcrumb"},"inLanguage":"de","potentialAction":[{"@type":"ReadAction","target":["https:\/\/links.express-umzug.eu\/"]}]},{"@type":"ImageObject","inLanguage":"de","@id":"https:\/\/links.express-umzug.eu\/#primaryimage","url":"https:\/\/links.express-umzug.eu\/wp-content\/uploads\/2024\/11\/Express-Umzug-Weiden-Logo-1.png","contentUrl":"https:\/\/links.express-umzug.eu\/wp-content\/uploads\/2024\/11\/Express-Umzug-Weiden-Logo-1.png","width":761,"height":251},{"@type":"BreadcrumbList","@id":"https:\/\/links.express-umzug.eu\/#breadcrumb","itemListElement":[{"@type":"ListItem","position":1,"name":"Startseite","item":"https:\/\/links.express-umzug.eu\/"},{"@type":"ListItem","position":2,"name":"Express Umzug s.r.o. \u2013 Links"}]},{"@type":"WebSite","@id":"https:\/\/links.express-umzug.eu\/#website","url":"https:\/\/links.express-umzug.eu\/","name":"Express Umzug s.r.o. \u2013 Links","description":"","potentialAction":[{"@type":"SearchAction","target":{"@type":"EntryPoint","urlTemplate":"https:\/\/links.express-umzug.eu\/?s={search_term_string}"},"query-input":{"@type":"PropertyValueSpecification","valueRequired":true,"valueName":"search_term_string"}}],"inLanguage":"de"}]}},"_links":{"self":[{"href":"https:\/\/links.express-umzug.eu\/index.php?rest_route=\/wp\/v2\/pages\/11","targetHints":{"allow":["GET"]}}],"collection":[{"href":"https:\/\/links.express-umzug.eu\/index.php?rest_route=\/wp\/v2\/pages"}],"about":[{"href":"https:\/\/links.express-umzug.eu\/index.php?rest_route=\/wp\/v2\/types\/page"}],"author":[{"embeddable":true,"href":"https:\/\/links.express-umzug.eu\/index.php?rest_route=\/wp\/v2\/users\/1"}],"replies":[{"embeddable":true,"href":"https:\/\/links.express-umzug.eu\/index.php?rest_route=%2Fwp%2Fv2%2Fcomments&post=11"}],"version-history":[{"count":25,"href":"https:\/\/links.express-umzug.eu\/index.php?rest_route=\/wp\/v2\/pages\/11\/revisions"}],"predecessor-version":[{"id":48,"href":"https:\/\/links.express-umzug.eu\/index.php?rest_route=\/wp\/v2\/pages\/11\/revisions\/48"}],"wp:attachment":[{"href":"https:\/\/links.express-umzug.eu\/index.php?rest_route=%2Fwp%2Fv2%2Fmedia&parent=11"}],"curies":[{"name":"wp","href":"https:\/\/api.w.org\/{rel}","templated":true}]}}